{"id":3173,"date":"2023-06-12T20:05:36","date_gmt":"2023-06-12T20:05:36","guid":{"rendered":"http:\/\/viet2b.com\/?page_id=3173"},"modified":"2023-06-12T20:05:36","modified_gmt":"2023-06-12T20:05:36","slug":"daily-deals","status":"publish","type":"page","link":"https:\/\/viet2b.com\/vietmanese\/daily-deals\/","title":{"rendered":"\u01afu \u0111\u00e3i h\u00e0ng ng\u00e0y"},"content":{"rendered":"<div class=\"flex flex-grow flex-col gap-3\">\n<div class=\"min-h-[20px] flex flex-col items-start gap-4 whitespace-pre-wrap break-words\">\n<div class=\"markdown prose w-full break-words dark:prose-invert light\">\n<p>Apologies, but there are currently no active deals available at the moment.<\/p>\n<\/div>\n<\/div>\n<\/div>\n","protected":false},"excerpt":{"rendered":"<p>Apologies, but there are currently no active deals available at the moment.<\/p>","protected":false},"author":1,"featured_media":0,"parent":0,"menu_order":0,"comment_status":"closed","ping_status":"closed","template":"","meta":{"footnotes":""},"class_list":["post-3173","page","type-page","status-publish","hentry"],"_links":{"self":[{"href":"https:\/\/viet2b.com\/vietmanese\/wp-json\/wp\/v2\/pages\/3173","targetHints":{"allow":["GET"]}}],"collection":[{"href":"https:\/\/viet2b.com\/vietmanese\/wp-json\/wp\/v2\/pages"}],"about":[{"href":"https:\/\/viet2b.com\/vietmanese\/wp-json\/wp\/v2\/types\/page"}],"author":[{"embeddable":true,"href":"https:\/\/viet2b.com\/vietmanese\/wp-json\/wp\/v2\/users\/1"}],"replies":[{"embeddable":true,"href":"https:\/\/viet2b.com\/vietmanese\/wp-json\/wp\/v2\/comments?post=3173"}],"version-history":[{"count":1,"href":"https:\/\/viet2b.com\/vietmanese\/wp-json\/wp\/v2\/pages\/3173\/revisions"}],"predecessor-version":[{"id":3175,"href":"https:\/\/viet2b.com\/vietmanese\/wp-json\/wp\/v2\/pages\/3173\/revisions\/3175"}],"wp:attachment":[{"href":"https:\/\/viet2b.com\/vietmanese\/wp-json\/wp\/v2\/media?parent=3173"}],"curies":[{"name":"wp","href":"https:\/\/api.w.org\/{rel}","templated":true}]}}